{"id":988,"date":"2025-06-12T17:06:22","date_gmt":"2025-06-12T15:06:22","guid":{"rendered":"https:\/\/www.gladjefabriken.se\/?page_id=988"},"modified":"2025-12-05T17:28:05","modified_gmt":"2025-12-05T16:28:05","slug":"tjanster-foretag","status":"publish","type":"page","link":"https:\/\/www.gladjefabriken.se\/en\/tjanster-foretag\/","title":{"rendered":"Tj\u00e4nster f\u00f6retag"},"content":{"rendered":"<div data-elementor-type=\"wp-page\" data-elementor-id=\"988\" class=\"elementor elementor-988\" data-elementor-post-type=\"page\">\n\t\t\t\t<div class=\"elementor-element elementor-element-0ffd750 e-flex e-con-boxed e-con e-parent\" data-id=\"0ffd750\" data-element_type=\"container\" data-e-type=\"container\">\n\t\t\t\t\t<div class=\"e-con-inner\">\n\t\t\t\t<div class=\"elementor-element elementor-element-d076b74 elementor-widget elementor-widget-heading\" data-id=\"d076b74\" data-element_type=\"widget\" data-e-type=\"widget\" id=\"tjanster\" data-widget_type=\"heading.default\">\n\t\t\t\t<div class=\"elementor-widget-container\">\n\t\t\t\t\t<h2 class=\"elementor-heading-title elementor-size-default\">Tj\u00e4nster f\u00f6retag <\/h2>\t\t\t\t<\/div>\n\t\t\t\t<\/div>\n\t\t\t\t\t<\/div>\n\t\t\t\t<\/div>\n\t\t<div class=\"elementor-element elementor-element-09a51eb e-flex e-con-boxed e-con e-parent\" data-id=\"09a51eb\" data-element_type=\"container\" data-e-type=\"container\">\n\t\t\t\t\t<div class=\"e-con-inner\">\n\t\t\t\t<div class=\"elementor-element elementor-element-4efc014 elementor-widget elementor-widget-text-editor\" data-id=\"4efc014\" data-element_type=\"widget\" data-e-type=\"widget\" data-widget_type=\"text-editor.default\">\n\t\t\t\t<div class=\"elementor-widget-container\">\n\t\t\t\t\t\t\t\t\t<p>\u00c4r ni ett f\u00f6retag som t\u00e4nker med hj\u00e4rtat? Is\u00e5fall \u00e4r ni p\u00e5 r\u00e4tt bana \u2013 jag har arbetat med dessa fr\u00e5gor i \u00f6ver 10 \u00e5r och ser hur f\u00f6retags hj\u00e4rta blir allt viktigare f\u00f6r s\u00e5v\u00e4l egen l\u00f6nsamhet som h\u00e5llbarhet p\u00e5 sikt. Att skapa en k\u00e4nsla d\u00e4r medarbetarna f\u00e5r k\u00e4nna att de jobbar p\u00e5 en fin och genuin arbetsplats ger ov\u00e4rderlig marknadsf\u00f6ring samtidigt som det ger en stark positiv k\u00e4nsla att som f\u00f6retagsledare kunna g\u00f6ra skillnad.<\/p>\t\t\t\t\t\t\t\t<\/div>\n\t\t\t\t<\/div>\n\t\t\t\t\t<\/div>\n\t\t\t\t<\/div>\n\t\t<div class=\"elementor-element elementor-element-26fece3 e-flex e-con-boxed e-con e-parent\" data-id=\"26fece3\" data-element_type=\"container\" data-e-type=\"container\">\n\t\t\t\t\t<div class=\"e-con-inner\">\n\t\t\t\t\t<\/div>\n\t\t\t\t<\/div>\n\t\t\t\t<\/div>","protected":false},"excerpt":{"rendered":"<p>Tj\u00e4nster f\u00f6retag \u00c4r ni ett f\u00f6retag som t\u00e4nker med hj\u00e4rtat? Is\u00e5fall \u00e4r ni p\u00e5 r\u00e4tt bana \u2013 jag har arbetat med dessa fr\u00e5gor i \u00f6ver 10 \u00e5r och ser hur f\u00f6retags hj\u00e4rta blir allt viktigare f\u00f6r s\u00e5v\u00e4l egen l\u00f6nsamhet som h\u00e5llbarhet p\u00e5 sikt. Att skapa en k\u00e4nsla d\u00e4r medarbetarna f\u00e5r k\u00e4nna att de jobbar p\u00e5 &hellip; <\/p>\n<p class=\"link-more\"><a href=\"https:\/\/www.gladjefabriken.se\/en\/tjanster-foretag\/\" class=\"more-link\">Read more<span class=\"screen-reader-text\"> &#8221;Tj\u00e4nster f\u00f6retag&#8221;<\/span><\/a><\/p>","protected":false},"author":1,"featured_media":0,"parent":0,"menu_order":0,"comment_status":"closed","ping_status":"closed","template":"","meta":{"inspiro_hide_title":false,"footnotes":""},"class_list":["post-988","page","type-page","status-publish","hentry"],"yoast_head":"<!-- This site is optimized with the Yoast SEO plugin v27.4 - https:\/\/yoast.com\/product\/yoast-seo-wordpress\/ -->\n<title>Tj\u00e4nster f\u00f6retag - Gladjepodden<\/title>\n<meta name=\"robots\" content=\"index, follow, max-snippet:-1, max-image-preview:large, max-video-preview:-1\" \/>\n<link rel=\"canonical\" href=\"https:\/\/www.gladjefabriken.se\/en\/tjanster-foretag\/\" \/>\n<meta property=\"og:locale\" content=\"en_US\" \/>\n<meta property=\"og:type\" content=\"article\" \/>\n<meta property=\"og:title\" content=\"Tj\u00e4nster f\u00f6retag - Gladjepodden\" \/>\n<meta property=\"og:description\" content=\"Tj\u00e4nster f\u00f6retag \u00c4r ni ett f\u00f6retag som t\u00e4nker med hj\u00e4rtat? Is\u00e5fall \u00e4r ni p\u00e5 r\u00e4tt bana \u2013 jag har arbetat med dessa fr\u00e5gor i \u00f6ver 10 \u00e5r och ser hur f\u00f6retags hj\u00e4rta blir allt viktigare f\u00f6r s\u00e5v\u00e4l egen l\u00f6nsamhet som h\u00e5llbarhet p\u00e5 sikt. Att skapa en k\u00e4nsla d\u00e4r medarbetarna f\u00e5r k\u00e4nna att de jobbar p\u00e5 &hellip; Read more &quot;Tj\u00e4nster f\u00f6retag&quot;\" \/>\n<meta property=\"og:url\" content=\"https:\/\/www.gladjefabriken.se\/en\/tjanster-foretag\/\" \/>\n<meta property=\"og:site_name\" content=\"Gladjepodden\" \/>\n<meta property=\"article:modified_time\" content=\"2025-12-05T16:28:05+00:00\" \/>\n<meta name=\"twitter:card\" content=\"summary_large_image\" \/>\n<meta name=\"twitter:label1\" content=\"Est. reading time\" \/>\n\t<meta name=\"twitter:data1\" content=\"2 minutes\" \/>\n<script type=\"application\/ld+json\" class=\"yoast-schema-graph\">{\"@context\":\"https:\\\/\\\/schema.org\",\"@graph\":[{\"@type\":\"WebPage\",\"@id\":\"https:\\\/\\\/www.gladjefabriken.se\\\/tjanster-foretag\\\/\",\"url\":\"https:\\\/\\\/www.gladjefabriken.se\\\/tjanster-foretag\\\/\",\"name\":\"Tj\u00e4nster f\u00f6retag - Gladjepodden\",\"isPartOf\":{\"@id\":\"https:\\\/\\\/www.gladjefabriken.se\\\/#website\"},\"datePublished\":\"2025-06-12T15:06:22+00:00\",\"dateModified\":\"2025-12-05T16:28:05+00:00\",\"breadcrumb\":{\"@id\":\"https:\\\/\\\/www.gladjefabriken.se\\\/tjanster-foretag\\\/#breadcrumb\"},\"inLanguage\":\"en-US\",\"potentialAction\":[{\"@type\":\"ReadAction\",\"target\":[\"https:\\\/\\\/www.gladjefabriken.se\\\/tjanster-foretag\\\/\"]}]},{\"@type\":\"BreadcrumbList\",\"@id\":\"https:\\\/\\\/www.gladjefabriken.se\\\/tjanster-foretag\\\/#breadcrumb\",\"itemListElement\":[{\"@type\":\"ListItem\",\"position\":1,\"name\":\"Hem\",\"item\":\"https:\\\/\\\/www.gladjefabriken.se\\\/\"},{\"@type\":\"ListItem\",\"position\":2,\"name\":\"Tj\u00e4nster f\u00f6retag\"}]},{\"@type\":\"WebSite\",\"@id\":\"https:\\\/\\\/www.gladjefabriken.se\\\/#website\",\"url\":\"https:\\\/\\\/www.gladjefabriken.se\\\/\",\"name\":\"Gladjefabriken\",\"description\":\"H\u00e5ll utkik under april f\u00f6r ny glad uppdatering!\",\"publisher\":{\"@id\":\"https:\\\/\\\/www.gladjefabriken.se\\\/#organization\"},\"potentialAction\":[{\"@type\":\"SearchAction\",\"target\":{\"@type\":\"EntryPoint\",\"urlTemplate\":\"https:\\\/\\\/www.gladjefabriken.se\\\/?s={search_term_string}\"},\"query-input\":{\"@type\":\"PropertyValueSpecification\",\"valueRequired\":true,\"valueName\":\"search_term_string\"}}],\"inLanguage\":\"en-US\"},{\"@type\":\"Organization\",\"@id\":\"https:\\\/\\\/www.gladjefabriken.se\\\/#organization\",\"name\":\"Gladjefabriken\",\"url\":\"https:\\\/\\\/www.gladjefabriken.se\\\/\",\"logo\":{\"@type\":\"ImageObject\",\"inLanguage\":\"en-US\",\"@id\":\"https:\\\/\\\/www.gladjefabriken.se\\\/#\\\/schema\\\/logo\\\/image\\\/\",\"url\":\"https:\\\/\\\/www.gladjefabriken.se\\\/wp-content\\\/uploads\\\/cropped-Gladjefabriken-min.png\",\"contentUrl\":\"https:\\\/\\\/www.gladjefabriken.se\\\/wp-content\\\/uploads\\\/cropped-Gladjefabriken-min.png\",\"width\":1200,\"height\":532,\"caption\":\"Gladjefabriken\"},\"image\":{\"@id\":\"https:\\\/\\\/www.gladjefabriken.se\\\/#\\\/schema\\\/logo\\\/image\\\/\"}}]}<\/script>\n<!-- \/ Yoast SEO plugin. -->","yoast_head_json":{"title":"Tj\u00e4nster f\u00f6retag - Gladjepodden","robots":{"index":"index","follow":"follow","max-snippet":"max-snippet:-1","max-image-preview":"max-image-preview:large","max-video-preview":"max-video-preview:-1"},"canonical":"https:\/\/www.gladjefabriken.se\/en\/tjanster-foretag\/","og_locale":"en_US","og_type":"article","og_title":"Tj\u00e4nster f\u00f6retag - Gladjepodden","og_description":"Tj\u00e4nster f\u00f6retag \u00c4r ni ett f\u00f6retag som t\u00e4nker med hj\u00e4rtat? Is\u00e5fall \u00e4r ni p\u00e5 r\u00e4tt bana \u2013 jag har arbetat med dessa fr\u00e5gor i \u00f6ver 10 \u00e5r och ser hur f\u00f6retags hj\u00e4rta blir allt viktigare f\u00f6r s\u00e5v\u00e4l egen l\u00f6nsamhet som h\u00e5llbarhet p\u00e5 sikt. Att skapa en k\u00e4nsla d\u00e4r medarbetarna f\u00e5r k\u00e4nna att de jobbar p\u00e5 &hellip; Read more \"Tj\u00e4nster f\u00f6retag\"","og_url":"https:\/\/www.gladjefabriken.se\/en\/tjanster-foretag\/","og_site_name":"Gladjepodden","article_modified_time":"2025-12-05T16:28:05+00:00","twitter_card":"summary_large_image","twitter_misc":{"Est. reading time":"2 minutes"},"schema":{"@context":"https:\/\/schema.org","@graph":[{"@type":"WebPage","@id":"https:\/\/www.gladjefabriken.se\/tjanster-foretag\/","url":"https:\/\/www.gladjefabriken.se\/tjanster-foretag\/","name":"Tj\u00e4nster f\u00f6retag - Gladjepodden","isPartOf":{"@id":"https:\/\/www.gladjefabriken.se\/#website"},"datePublished":"2025-06-12T15:06:22+00:00","dateModified":"2025-12-05T16:28:05+00:00","breadcrumb":{"@id":"https:\/\/www.gladjefabriken.se\/tjanster-foretag\/#breadcrumb"},"inLanguage":"en-US","potentialAction":[{"@type":"ReadAction","target":["https:\/\/www.gladjefabriken.se\/tjanster-foretag\/"]}]},{"@type":"BreadcrumbList","@id":"https:\/\/www.gladjefabriken.se\/tjanster-foretag\/#breadcrumb","itemListElement":[{"@type":"ListItem","position":1,"name":"Hem","item":"https:\/\/www.gladjefabriken.se\/"},{"@type":"ListItem","position":2,"name":"Tj\u00e4nster f\u00f6retag"}]},{"@type":"WebSite","@id":"https:\/\/www.gladjefabriken.se\/#website","url":"https:\/\/www.gladjefabriken.se\/","name":"Gladjefabriken","description":"H\u00e5ll utkik under april f\u00f6r ny glad uppdatering!","publisher":{"@id":"https:\/\/www.gladjefabriken.se\/#organization"},"potentialAction":[{"@type":"SearchAction","target":{"@type":"EntryPoint","urlTemplate":"https:\/\/www.gladjefabriken.se\/?s={search_term_string}"},"query-input":{"@type":"PropertyValueSpecification","valueRequired":true,"valueName":"search_term_string"}}],"inLanguage":"en-US"},{"@type":"Organization","@id":"https:\/\/www.gladjefabriken.se\/#organization","name":"Gladjefabriken","url":"https:\/\/www.gladjefabriken.se\/","logo":{"@type":"ImageObject","inLanguage":"en-US","@id":"https:\/\/www.gladjefabriken.se\/#\/schema\/logo\/image\/","url":"https:\/\/www.gladjefabriken.se\/wp-content\/uploads\/cropped-Gladjefabriken-min.png","contentUrl":"https:\/\/www.gladjefabriken.se\/wp-content\/uploads\/cropped-Gladjefabriken-min.png","width":1200,"height":532,"caption":"Gladjefabriken"},"image":{"@id":"https:\/\/www.gladjefabriken.se\/#\/schema\/logo\/image\/"}}]}},"_links":{"self":[{"href":"https:\/\/www.gladjefabriken.se\/en\/wp-json\/wp\/v2\/pages\/988","targetHints":{"allow":["GET"]}}],"collection":[{"href":"https:\/\/www.gladjefabriken.se\/en\/wp-json\/wp\/v2\/pages"}],"about":[{"href":"https:\/\/www.gladjefabriken.se\/en\/wp-json\/wp\/v2\/types\/page"}],"author":[{"embeddable":true,"href":"https:\/\/www.gladjefabriken.se\/en\/wp-json\/wp\/v2\/users\/1"}],"replies":[{"embeddable":true,"href":"https:\/\/www.gladjefabriken.se\/en\/wp-json\/wp\/v2\/comments?post=988"}],"version-history":[{"count":45,"href":"https:\/\/www.gladjefabriken.se\/en\/wp-json\/wp\/v2\/pages\/988\/revisions"}],"predecessor-version":[{"id":1625,"href":"https:\/\/www.gladjefabriken.se\/en\/wp-json\/wp\/v2\/pages\/988\/revisions\/1625"}],"wp:attachment":[{"href":"https:\/\/www.gladjefabriken.se\/en\/wp-json\/wp\/v2\/media?parent=988"}],"curies":[{"name":"wp","href":"https:\/\/api.w.org\/{rel}","templated":true}]}}